{"id":1534,"date":"2021-06-15T18:34:05","date_gmt":"2021-06-15T22:34:05","guid":{"rendered":"https:\/\/www.alsj.ca\/?page_id=1534"},"modified":"2024-08-25T16:08:49","modified_gmt":"2024-08-25T20:08:49","slug":"other","status":"publish","type":"page","link":"https:\/\/www.alsj.ca\/fr\/other\/","title":{"rendered":"Politiques"},"content":{"rendered":"<p><strong>See &#8220;<a href=\"https:\/\/www.alsj.ca\/fr\/agm-2021\/\" data-type=\"page\" data-id=\"1931\">Info Membres ALSJ<\/a>\u201d pour obtenir la liste compl\u00e8te des politiques approuv\u00e9es de l'ALSJ, ainsi qu'un guide de l'utilisateur.<\/strong>\u00a0<\/p>\n\n\n<div class=\"wp-block-image is-style-default\">\n<figure class=\"aligncenter size-large is-resized\"><img loading=\"lazy\" decoding=\"async\" width=\"300\" height=\"300\" src=\"https:\/\/www.alsj.ca\/wp-content\/uploads\/2021\/06\/squiggle.jpg\" alt=\"\" class=\"wp-image-1541\" style=\"width:42px;height:auto\" srcset=\"https:\/\/www.alsj.ca\/wp-content\/uploads\/2021\/06\/squiggle.jpg 300w, https:\/\/www.alsj.ca\/wp-content\/uploads\/2021\/06\/squiggle-150x150.jpg 150w, https:\/\/www.alsj.ca\/wp-content\/uploads\/2021\/06\/squiggle-12x12.jpg 12w\" sizes=\"auto, (max-width: 300px) 100vw, 300px\" \/><\/figure>\n<\/div>\n\n\n<p>V.1 2024-04-18<\/p>\n\n\n\n<p><strong>POLITIQUE DE CONFIDENTIALIT\u00c9 DES DONN\u00c9ES DE L\u2019ALSJ<\/strong><\/p>\n\n\n\n<p>Conform\u00e9ment au statut 29.2 de l'ALSJ concernant la protection des donn\u00e9es personnelles et la protection des donn\u00e9es financi\u00e8res :<\/p>\n\n\n\n<p>\u00ab Tous les directeurs, dirigeants et autres b\u00e9n\u00e9voles se doivent de prot\u00e9ger l\u2019int\u00e9grit\u00e9 et la confidentialit\u00e9 des donn\u00e9es personnelles des membres de l'Association et celles des donn\u00e9es financi\u00e8res de l'Association du lac Sir-John; par cons\u00e9quent, ils ne leur sont pas permis de divulguer des renseignements personnels sans la permission de la personne concern\u00e9e ni les renseignements financiers de l\u2019Association sans l\u2019accord de l'ex\u00e9cutif. \u00bb. A cet \u00e9gard, les politiques sp\u00e9cifiques suivantes ont \u00e9t\u00e9 adopt\u00e9es :<\/p>\n\n\n\n<ul class=\"wp-block-list\">\n<li>L\u2019ALSJ prot\u00e9gera l\u2019int\u00e9grit\u00e9 et la confidentialit\u00e9 de toute information personnelle concernant ses membres.<\/li>\n<\/ul>\n\n\n\n<ul class=\"wp-block-list\">\n<li>Le consentement des membres sera exig\u00e9 \u00e0 chaque fois que ceux-ci seront appel\u00e9s \u00e0 fournir des donn\u00e9es personnelles<\/li>\n<\/ul>\n\n\n\n<ul class=\"wp-block-list\">\n<li>Aucune liste de membres ne sera fournie sur le site Webb de l\u2019ALSJ. Les noms des membres et leurs coordonn\u00e9es ne seront ni publi\u00e9s, ni vendus . Les courriels exp\u00e9di\u00e9s en commun le seront en copies aveugles (BCC ou Blind Carbon Copyright).<\/li>\n<\/ul>\n\n\n\n<ul class=\"wp-block-list\">\n<li>Les directeurs, les dirigeants et les autres b\u00e9n\u00e9voles de l'ALSJ n'auront que leur nom et leur poste affich\u00e9s sur le site Web. Aucune coordonn\u00e9e de contact personnelle ne sera publi\u00e9e<\/li>\n<\/ul>\n\n\n\n<ul class=\"wp-block-list\">\n<li>Les r\u00e9sidents du lac, ainsi que toute personne ou entit\u00e9 ext\u00e9rieure, n'auront aucun acc\u00e8s au registre des membres de l'ALSJ.<\/li>\n<\/ul>\n\n\n\n<ul class=\"wp-block-list\">\n<li>\u2022\tChaque ann\u00e9e, l'ALSJ purgera son registre des noms et des coordonn\u00e9es des personnes qui ne r\u00e9sident plus (m\u00eame \u00e0 temps partiel) dans une r\u00e9sidence situ\u00e9e dans les limites territoriales de l'ALSJ. Il est de la responsabilit\u00e9 des membres qui ne r\u00e9sident plus (m\u00eame \u00e0 temps partiel) au lac d\u2019informer le pr\u00e9sident ou son mandataire de leur changement de statut. Si un ex-membre ayant quitt\u00e9 le lac souhaite rester en contact avec l'ALSJ et continuer de recevoir des communications de l\u2019Association et de ses membres (par exemple, le bulletin d'information, les communiqu\u00e9s du pr\u00e9sident, etc.)  il peut demander que son nom et ses coordonn\u00e9es soient ajout\u00e9s \u00e0 une liste de diffusion sp\u00e9ciale pour \"Les amis du Lac Sir-John\"<\/li>\n<\/ul>\n\n\n\n<ul class=\"wp-block-list\">\n<li>Le pr\u00e9sident de l'ALSJ ou son mandataire est responsable de la protection et de l\u2019int\u00e9grit\u00e9 des donn\u00e9es personnelles des membres de l'ALSJ. Le pr\u00e9sident ou son mandataire s'assurera qu'une s\u00e9curit\u00e9 ad\u00e9quate est instaur\u00e9e dans la gestion des dossiers exigeant l\u2019acc\u00e8s aux donn\u00e9es personnelles par les officiers mandat\u00e9s par exemple,  les responsables de la tr\u00e9sorerie, des communications, de l\u2019accueil, etc.<\/li>\n<\/ul>\n\n\n\n<ul class=\"wp-block-list\">\n<li>Lors de son d\u00e9part d\u2019une fonction n\u00e9cessitant l\u2019acc\u00e8s aux donn\u00e9es personnelles des membres de l\u2019ALSJ, le dirigeant ou le directeur concern\u00e9 transf\u00e9rera imm\u00e9diatement ces informations \u00e0 son successeur (ou les renverra au pr\u00e9sident s'il n'y a pas de successeur imm\u00e9diat)<\/li>\n<\/ul>\n\n\n\n<ul class=\"wp-block-list\">\n<li>L'ALSJ signalera toute violation \u00e0 la politique d\u2019int\u00e9grit\u00e9 et de protection des donn\u00e9es personnelles aux autorit\u00e9s comp\u00e9tentes.<\/li>\n<\/ul>\n\n\n<div class=\"wp-block-image is-style-default\">\n<figure class=\"aligncenter size-full is-resized\"><img loading=\"lazy\" decoding=\"async\" width=\"300\" height=\"300\" src=\"https:\/\/www.alsj.ca\/wp-content\/uploads\/2024\/06\/image-2.png\" alt=\"\" class=\"wp-image-2702\" style=\"width:48px;height:auto\" srcset=\"https:\/\/www.alsj.ca\/wp-content\/uploads\/2024\/06\/image-2.png 300w, https:\/\/www.alsj.ca\/wp-content\/uploads\/2024\/06\/image-2-150x150.png 150w, https:\/\/www.alsj.ca\/wp-content\/uploads\/2024\/06\/image-2-12x12.png 12w\" sizes=\"auto, (max-width: 300px) 100vw, 300px\" \/><\/figure>\n<\/div>\n\n\n<p>v. 1 &nbsp;&nbsp;2024-04-18<\/p>\n\n\n\n<h2 class=\"wp-block-heading has-black-color has-text-color has-link-color wp-elements-ba21da61c273f95f281202b2106c6fcf\"><strong>ALSJ Website\u2019s Privacy Policy&nbsp;  &#8211;&nbsp;  Policy, Terms &amp; Conditions<\/strong><\/h2>\n\n\n\n<h4 class=\"wp-block-heading\"><strong>Politique de confidentialit\u00e9<\/strong><\/h4>\n\n\n\n<p>Le conseil d'administration de l'Association of Lake Sir John (ALSJ) a accept\u00e9 la recommandation de ses membres de rendre certaines parties de ce site Web priv\u00e9es et r\u00e9serv\u00e9 aux r\u00e9sidents du lac. C'est la raison pour laquelle vous devez saisir un mot de passe pour acc\u00e9der aux parties prot\u00e9g\u00e9es par mot de passe. Veuillez respecter cette d\u00e9cision et ne donner \u00e0 personne votre identifiant de connexion et votre mot de passe.<\/p>\n\n\n\n<p>Ce site Web est prot\u00e9g\u00e9 par un certificat de s\u00e9curit\u00e9 (SSL) pour la protection des documents commerciaux et des informations personnelles du lac.<\/p>\n\n\n\n<h4 class=\"wp-block-heading\"><strong>Conditions d'utilisation<\/strong><\/h4>\n\n\n\n<p>En utilisant le site Web, vous certifiez que vous avez lu et accept\u00e9 le pr\u00e9sent accord et que vous vous conformez \u00e0 ses conditions. Si vous ne souhaitez pas \u00eatre li\u00e9 par les termes du pr\u00e9sent accord, il est demand\u00e9 de quitter le site Web et de renoncer \u00e0 la connexion \u00e0 votre compte en communicant par courriel votre refus au webmestre \u00e0 l'adresse webmaster@alsj.ca&nbsp;<a href=\"mailto:webmaster@alsj.ca\">webmaster@alsj.ca<\/a><\/p>\n\n\n\n<h4 class=\"wp-block-heading\"><strong>Propri\u00e9t\u00e9 intellectuelle<\/strong><\/h4>\n\n\n\n<p>Vous acceptez que toutes les images, articles et documents de ce site Web demeurent la propri\u00e9t\u00e9 de la personne qui les a fournis et\/ou de l'ALSJ. Vous acceptez \u00e9galement de respecter les droits d'auteur, les marques de commerce et les restrictions. Vous vous engagez \u00e0 ne pas redistribuer ou reproduire ces articles sans le consentement des propri\u00e9taires.<\/p>\n\n\n\n<p>Nous ne revendiquons aucun droit de propri\u00e9t\u00e9 intellectuelle sur le mat\u00e9riel que vous fournissez pour le placement sur ce site Web. Vous pouvez demander \u00e0 tout moment de retirer votre mat\u00e9riel.<\/p>\n\n\n\n<h4 class=\"wp-block-heading\"><strong>Comptes utilisateur<\/strong><\/h4>\n\n\n\n<p>En tant qu'utilisateur de ce site Web, vous pouvez \u00eatre invit\u00e9 \u00e0 vous inscrire et \u00e0 fournir des informations priv\u00e9es. Vous serez responsable du maintien de sa s\u00e9curit\u00e9 en prot\u00e9geant le mot de passe de votre compte.<\/p>\n\n\n\n<p>L\u2019ALSJ s\u2019engage \u00e0 utiliser vos informations personnelles uniquement pour les questions relatives \u00e0 la gestion des affaires du lac. En aucun cas celles-ci ne seront distribu\u00e9es ou partag\u00e9es \u00e0 des tier<\/p>\n\n\n\n<h4 class=\"wp-block-heading\"><strong>Lois applicables<\/strong><\/h4>\n\n\n\n<p>En visitant ce site Web, vous acceptez que les lois de Lachute, Gore, Argenteuil et Qu\u00e9bec, sans \u00e9gard aux principes des lois contradictoires, r\u00e9gissent ces termes et conditions, ou tout litige qui pourrait survenir entre ALSJ et vous.<\/p>\n\n\n\n<h4 class=\"wp-block-heading\"><strong>Indemnit\u00e9<\/strong><\/h4>\n\n\n\n<p>Vous acceptez d'indemniser l\u2019ALSJ et de d\u00e9gager les membres de toute responsabilit\u00e9 eu \u00e9gard aux r\u00e9clamations et demandes l\u00e9gales qui peuvent d\u00e9couler de votre utilisation de ce site Web.<\/p>\n\n\n\n<h4 class=\"wp-block-heading\"><strong>Les liens<\/strong><\/h4>\n\n\n\n<p>L\u2019ALSJ n'est pas responsable du contenu des sites Web non affili\u00e9s qui peuvent \u00eatre li\u00e9s \u00e0 ce site Web. Ces liens sont fournis uniquement pour votre commodit\u00e9 et vous y acc\u00e9dez \u00e0 vos propres risques. Tout autre site Web accessible \u00e0 partir de ce site est ind\u00e9pendant de ALSJ et nous n'avons aucun contr\u00f4le sur son contenu<\/p>\n\n\n\n<h4 class=\"wp-block-heading\"><strong>Interdictions g\u00e9n\u00e9rales<\/strong><\/h4>\n\n\n\n<p>Toutes les propositions de soumissions et contributions \u00e0 ce site Web seront v\u00e9rifi\u00e9es par le webmestre. Tout document litigieux sera examin\u00e9 par les membres de l'ALSJ avant d'\u00eatre publi\u00e9 ou rejet\u00e9<\/p>\n\n\n\n<p><\/p>","protected":false},"excerpt":{"rendered":"<p>See &#8220;ALSJ Members Information&#8221; for the complete list of approved ALSJ policies, with a user&#8217;s guide.\u00a0 V.1&nbsp; 2024-04-18 ALSJ PRIVACY POLICY Pursuant to ALSJ Bylaw 29.2 on Confidentiality which states that: \u201cAll Directors, Executive Officers, and other volunteers must protect the confidentiality of the personal information of Association members and Association Lac Sir-John financial information: [&hellip;]<\/p>\n","protected":false},"author":47,"featured_media":0,"parent":0,"menu_order":0,"comment_status":"closed","ping_status":"closed","template":"","meta":{"ocean_post_layout":"","ocean_both_sidebars_style":"","ocean_both_sidebars_content_width":0,"ocean_both_sidebars_sidebars_width":0,"ocean_sidebar":"","ocean_second_sidebar":"","ocean_disable_margins":"enable","ocean_add_body_class":"","ocean_shortcode_before_top_bar":"","ocean_shortcode_after_top_bar":"","ocean_shortcode_before_header":"","ocean_shortcode_after_header":"","ocean_has_shortcode":"","ocean_shortcode_after_title":"","ocean_shortcode_before_footer_widgets":"","ocean_shortcode_after_footer_widgets":"","ocean_shortcode_before_footer_bottom":"","ocean_shortcode_after_footer_bottom":"","ocean_display_top_bar":"default","ocean_display_header":"default","ocean_header_style":"","ocean_center_header_left_menu":"","ocean_custom_header_template":"","ocean_custom_logo":0,"ocean_custom_retina_logo":0,"ocean_custom_logo_max_width":0,"ocean_custom_logo_tablet_max_width":0,"ocean_custom_logo_mobile_max_width":0,"ocean_custom_logo_max_height":0,"ocean_custom_logo_tablet_max_height":0,"ocean_custom_logo_mobile_max_height":0,"ocean_header_custom_menu":"","ocean_menu_typo_font_family":"","ocean_menu_typo_font_subset":"","ocean_menu_typo_font_size":0,"ocean_menu_typo_font_size_tablet":0,"ocean_menu_typo_font_size_mobile":0,"ocean_menu_typo_font_size_unit":"px","ocean_menu_typo_font_weight":"","ocean_menu_typo_font_weight_tablet":"","ocean_menu_typo_font_weight_mobile":"","ocean_menu_typo_transform":"","ocean_menu_typo_transform_tablet":"","ocean_menu_typo_transform_mobile":"","ocean_menu_typo_line_height":0,"ocean_menu_typo_line_height_tablet":0,"ocean_menu_typo_line_height_mobile":0,"ocean_menu_typo_line_height_unit":"","ocean_menu_typo_spacing":0,"ocean_menu_typo_spacing_tablet":0,"ocean_menu_typo_spacing_mobile":0,"ocean_menu_typo_spacing_unit":"","ocean_menu_link_color":"","ocean_menu_link_color_hover":"","ocean_menu_link_color_active":"","ocean_menu_link_background":"","ocean_menu_link_hover_background":"","ocean_menu_link_active_background":"","ocean_menu_social_links_bg":"","ocean_menu_social_hover_links_bg":"","ocean_menu_social_links_color":"","ocean_menu_social_hover_links_color":"","ocean_disable_title":"default","ocean_disable_heading":"default","ocean_post_title":"","ocean_post_subheading":"","ocean_post_title_style":"","ocean_post_title_background_color":"","ocean_post_title_background":0,"ocean_post_title_bg_image_position":"","ocean_post_title_bg_image_attachment":"","ocean_post_title_bg_image_repeat":"","ocean_post_title_bg_image_size":"","ocean_post_title_height":0,"ocean_post_title_bg_overlay":0.5,"ocean_post_title_bg_overlay_color":"","ocean_disable_breadcrumbs":"default","ocean_breadcrumbs_color":"","ocean_breadcrumbs_separator_color":"","ocean_breadcrumbs_links_color":"","ocean_breadcrumbs_links_hover_color":"","ocean_display_footer_widgets":"default","ocean_display_footer_bottom":"default","ocean_custom_footer_template":"","footnotes":""},"class_list":["post-1534","page","type-page","status-publish","hentry","entry"],"_links":{"self":[{"href":"https:\/\/www.alsj.ca\/fr\/wp-json\/wp\/v2\/pages\/1534","targetHints":{"allow":["GET"]}}],"collection":[{"href":"https:\/\/www.alsj.ca\/fr\/wp-json\/wp\/v2\/pages"}],"about":[{"href":"https:\/\/www.alsj.ca\/fr\/wp-json\/wp\/v2\/types\/page"}],"author":[{"embeddable":true,"href":"https:\/\/www.alsj.ca\/fr\/wp-json\/wp\/v2\/users\/47"}],"replies":[{"embeddable":true,"href":"https:\/\/www.alsj.ca\/fr\/wp-json\/wp\/v2\/comments?post=1534"}],"version-history":[{"count":19,"href":"https:\/\/www.alsj.ca\/fr\/wp-json\/wp\/v2\/pages\/1534\/revisions"}],"predecessor-version":[{"id":2811,"href":"https:\/\/www.alsj.ca\/fr\/wp-json\/wp\/v2\/pages\/1534\/revisions\/2811"}],"wp:attachment":[{"href":"https:\/\/www.alsj.ca\/fr\/wp-json\/wp\/v2\/media?parent=1534"}],"curies":[{"name":"wp","href":"https:\/\/api.w.org\/{rel}","templated":true}]}}