{"id":1634,"date":"2021-06-24T19:03:15","date_gmt":"2021-06-24T23:03:15","guid":{"rendered":"https:\/\/www.alsj.ca\/?page_id=1634"},"modified":"2024-06-04T13:18:46","modified_gmt":"2024-06-04T17:18:46","slug":"policy-terms-conditions","status":"publish","type":"page","link":"https:\/\/www.alsj.ca\/fr\/policy-terms-conditions\/","title":{"rendered":"Politique, Termes et Conditions"},"content":{"rendered":"<div class=\"wp-block-image is-style-rounded\">\n<figure class=\"aligncenter size-large\"><img loading=\"lazy\" decoding=\"async\" width=\"150\" height=\"150\" src=\"https:\/\/www.alsj.ca\/wp-content\/uploads\/2021\/05\/new-logo-small.jpg\" alt=\"\" class=\"wp-image-1300\" srcset=\"https:\/\/www.alsj.ca\/wp-content\/uploads\/2021\/05\/new-logo-small.jpg 150w, https:\/\/www.alsj.ca\/wp-content\/uploads\/2021\/05\/new-logo-small-12x12.jpg 12w\" sizes=\"auto, (max-width: 150px) 100vw, 150px\" \/><\/figure>\n<\/div>\n\n\n<div class=\"wp-block-columns is-layout-flex wp-container-core-columns-is-layout-9d6595d7 wp-block-columns-is-layout-flex\">\n<div class=\"wp-block-column is-layout-flow wp-block-column-is-layout-flow\">\n<h2 class=\"wp-block-heading\">Politique, termes et conditions<\/h2>\n\n\n\n<h4 class=\"wp-block-heading\">Politique de confidentialit\u00e9<\/h4>\n\n\n\n<p>Le conseil d'administration de l'Association of Lake Sir John (ALSJ) a accept\u00e9 la recommandation de ses membres de rendre certaines parties de ce site Web priv\u00e9es et r\u00e9serv\u00e9 aux r\u00e9sidents du lac. C'est la raison pour laquelle vous devez saisir un mot de passe pour acc\u00e9der aux parties prot\u00e9g\u00e9es par mot de passe. Veuillez respecter cette d\u00e9cision et ne donner \u00e0 personne votre identifiant de connexion et votre mot de passe.<\/p>\n\n\n\n<p>Ce site Web est prot\u00e9g\u00e9 par un certificat de s\u00e9curit\u00e9 (SSL) pour la protection des documents commerciaux et des informations personnelles du lac.<\/p>\n\n\n\n<h4 class=\"wp-block-heading\">Conditions d'utilisation<\/h4>\n\n\n\n<p>En utilisant le site Web, vous certifiez que vous avez lu et accept\u00e9 le pr\u00e9sent accord et que vous vous conformez \u00e0 ses conditions. Si vous ne souhaitez pas \u00eatre li\u00e9 par les termes du pr\u00e9sent accord, il est demand\u00e9 de quitter le site Web et de renoncer \u00e0 la connexion \u00e0 votre compte en communicant par courriel votre refus au webmestre \u00e0 l'adresse webmaster@alsj.ca&nbsp;<a href=\"mailto:webmaster@alsj.ca\">webmaster@alsj.ca<\/a><\/p>\n\n\n\n<h4 class=\"wp-block-heading\">Propri\u00e9t\u00e9 intellectuelle<\/h4>\n\n\n\n<p>Vous acceptez que toutes les images, articles et documents de ce site Web demeurent la propri\u00e9t\u00e9 de la personne qui les a fournis et\/ou de l'ALSJ. Vous acceptez \u00e9galement de respecter les droits d'auteur, les marques de commerce et les restrictions. Vous vous engagez \u00e0 ne pas redistribuer ou reproduire ces articles sans le consentement des propri\u00e9taires.<\/p>\n\n\n\n<p>Nous ne revendiquons aucun droit de propri\u00e9t\u00e9 intellectuelle sur le mat\u00e9riel que vous fournissez pour le placement sur ce site Web. Vous pouvez demander \u00e0 tout moment de retirer votre mat\u00e9riel.<\/p>\n\n\n\n<h4 class=\"wp-block-heading\"><\/h4>\n<\/div>\n\n\n\n<div class=\"wp-block-column is-layout-flow wp-block-column-is-layout-flow\" style=\"flex-basis:2px\"><\/div>\n\n\n\n<div class=\"wp-block-column is-layout-flow wp-block-column-is-layout-flow\">\n<p><\/p>\n\n\n\n<h4 class=\"wp-block-heading\">Comptes utilisateur<\/h4>\n\n\n\n<p>En tant qu'utilisateur de ce site Web, vous pouvez \u00eatre invit\u00e9 \u00e0 vous inscrire et \u00e0 fournir des informations priv\u00e9es. Vous serez responsable du maintien de sa s\u00e9curit\u00e9 en prot\u00e9geant le mot de passe de votre compte.<\/p>\n\n\n\n<p>L\u2019ALSJ s\u2019engage \u00e0 utiliser vos informations personnelles uniquement pour les questions relatives \u00e0 la gestion des affaires du lac. En aucun cas celles-ci ne seront distribu\u00e9es ou partag\u00e9es \u00e0 des tier<\/p>\n\n\n\n<h4 class=\"wp-block-heading\">Lois applicables<\/h4>\n\n\n\n<p>En visitant ce site Web, vous acceptez que les lois de Lachute, Gore, Argenteuil et Qu\u00e9bec, sans \u00e9gard aux principes des lois contradictoires, r\u00e9gissent ces termes et conditions, ou tout litige qui pourrait survenir entre ALSJ et vous.<\/p>\n\n\n\n<h4 class=\"wp-block-heading\">Indemnit\u00e9<\/h4>\n\n\n\n<p>Vous acceptez d'indemniser l\u2019ALSJ et de d\u00e9gager les membres de toute responsabilit\u00e9 eu \u00e9gard aux r\u00e9clamations et demandes l\u00e9gales qui peuvent d\u00e9couler de votre utilisation de ce site Web.<\/p>\n\n\n\n<h4 class=\"wp-block-heading\">Les liens<\/h4>\n\n\n\n<p>L\u2019ALSJ n'est pas responsable du contenu des sites Web non affili\u00e9s qui peuvent \u00eatre li\u00e9s \u00e0 ce site Web. Ces liens sont fournis uniquement pour votre commodit\u00e9 et vous y acc\u00e9dez \u00e0 vos propres risques. Tout autre site Web accessible \u00e0 partir de ce site est ind\u00e9pendant de ALSJ et nous n'avons aucun contr\u00f4le sur son contenu<\/p>\n\n\n\n<h4 class=\"wp-block-heading\">Interdictions g\u00e9n\u00e9rales<\/h4>\n\n\n\n<p>Toutes les propositions de soumissions et contributions \u00e0 ce site Web seront v\u00e9rifi\u00e9es par le webmestre. Tout document litigieux sera examin\u00e9 par les membres de l'ALSJ avant d'\u00eatre publi\u00e9 ou rejet\u00e9<\/p>\n<\/div>\n<\/div>\n\n\n\n<p><\/p>","protected":false},"excerpt":{"rendered":"<p>Policy, Terms &amp; Conditions Privacy Policy The board of directors of the Association of Lake Sir John (ALSJ) have accepted the recommendation of our members to make parts of this website private and for use only by members of ALSJ. This is the reason you are required to enter a password to access the password [&hellip;]<\/p>\n","protected":false},"author":47,"featured_media":0,"parent":0,"menu_order":0,"comment_status":"closed","ping_status":"closed","template":"elementor_theme","meta":{"ocean_post_layout":"","ocean_both_sidebars_style":"","ocean_both_sidebars_content_width":0,"ocean_both_sidebars_sidebars_width":0,"ocean_sidebar":"","ocean_second_sidebar":"","ocean_disable_margins":"enable","ocean_add_body_class":"","ocean_shortcode_before_top_bar":"","ocean_shortcode_after_top_bar":"","ocean_shortcode_before_header":"","ocean_shortcode_after_header":"","ocean_has_shortcode":"","ocean_shortcode_after_title":"","ocean_shortcode_before_footer_widgets":"","ocean_shortcode_after_footer_widgets":"","ocean_shortcode_before_footer_bottom":"","ocean_shortcode_after_footer_bottom":"","ocean_display_top_bar":"default","ocean_display_header":"default","ocean_header_style":"","ocean_center_header_left_menu":"","ocean_custom_header_template":"","ocean_custom_logo":0,"ocean_custom_retina_logo":0,"ocean_custom_logo_max_width":0,"ocean_custom_logo_tablet_max_width":0,"ocean_custom_logo_mobile_max_width":0,"ocean_custom_logo_max_height":0,"ocean_custom_logo_tablet_max_height":0,"ocean_custom_logo_mobile_max_height":0,"ocean_header_custom_menu":"","ocean_menu_typo_font_family":"","ocean_menu_typo_font_subset":"","ocean_menu_typo_font_size":0,"ocean_menu_typo_font_size_tablet":0,"ocean_menu_typo_font_size_mobile":0,"ocean_menu_typo_font_size_unit":"px","ocean_menu_typo_font_weight":"","ocean_menu_typo_font_weight_tablet":"","ocean_menu_typo_font_weight_mobile":"","ocean_menu_typo_transform":"","ocean_menu_typo_transform_tablet":"","ocean_menu_typo_transform_mobile":"","ocean_menu_typo_line_height":0,"ocean_menu_typo_line_height_tablet":0,"ocean_menu_typo_line_height_mobile":0,"ocean_menu_typo_line_height_unit":"","ocean_menu_typo_spacing":0,"ocean_menu_typo_spacing_tablet":0,"ocean_menu_typo_spacing_mobile":0,"ocean_menu_typo_spacing_unit":"","ocean_menu_link_color":"","ocean_menu_link_color_hover":"","ocean_menu_link_color_active":"","ocean_menu_link_background":"","ocean_menu_link_hover_background":"","ocean_menu_link_active_background":"","ocean_menu_social_links_bg":"","ocean_menu_social_hover_links_bg":"","ocean_menu_social_links_color":"","ocean_menu_social_hover_links_color":"","ocean_disable_title":"default","ocean_disable_heading":"default","ocean_post_title":"","ocean_post_subheading":"","ocean_post_title_style":"","ocean_post_title_background_color":"","ocean_post_title_background":0,"ocean_post_title_bg_image_position":"","ocean_post_title_bg_image_attachment":"","ocean_post_title_bg_image_repeat":"","ocean_post_title_bg_image_size":"","ocean_post_title_height":0,"ocean_post_title_bg_overlay":0.5,"ocean_post_title_bg_overlay_color":"","ocean_disable_breadcrumbs":"default","ocean_breadcrumbs_color":"","ocean_breadcrumbs_separator_color":"","ocean_breadcrumbs_links_color":"","ocean_breadcrumbs_links_hover_color":"","ocean_display_footer_widgets":"default","ocean_display_footer_bottom":"default","ocean_custom_footer_template":"","footnotes":""},"class_list":["post-1634","page","type-page","status-publish","hentry","entry"],"_links":{"self":[{"href":"https:\/\/www.alsj.ca\/fr\/wp-json\/wp\/v2\/pages\/1634","targetHints":{"allow":["GET"]}}],"collection":[{"href":"https:\/\/www.alsj.ca\/fr\/wp-json\/wp\/v2\/pages"}],"about":[{"href":"https:\/\/www.alsj.ca\/fr\/wp-json\/wp\/v2\/types\/page"}],"author":[{"embeddable":true,"href":"https:\/\/www.alsj.ca\/fr\/wp-json\/wp\/v2\/users\/47"}],"replies":[{"embeddable":true,"href":"https:\/\/www.alsj.ca\/fr\/wp-json\/wp\/v2\/comments?post=1634"}],"version-history":[{"count":10,"href":"https:\/\/www.alsj.ca\/fr\/wp-json\/wp\/v2\/pages\/1634\/revisions"}],"predecessor-version":[{"id":2651,"href":"https:\/\/www.alsj.ca\/fr\/wp-json\/wp\/v2\/pages\/1634\/revisions\/2651"}],"wp:attachment":[{"href":"https:\/\/www.alsj.ca\/fr\/wp-json\/wp\/v2\/media?parent=1634"}],"curies":[{"name":"wp","href":"https:\/\/api.w.org\/{rel}","templated":true}]}}