{"id":1681,"date":"2021-07-06T16:26:27","date_gmt":"2021-07-06T20:26:27","guid":{"rendered":"https:\/\/www.alsj.ca\/?page_id=1681"},"modified":"2026-04-06T18:19:00","modified_gmt":"2026-04-06T22:19:00","slug":"whats-new","status":"publish","type":"page","link":"https:\/\/www.alsj.ca\/fr\/whats-new\/","title":{"rendered":"Quoi de neuf"},"content":{"rendered":"<p class=\"has-text-align-center\" style=\"text-align: left;\">Une histoire de la communaut\u00e9 de Lac Sir-John est maintenant situ\u00e9e sur notre <a href=\"https:\/\/www.alsj.ca\/fr\/aboutus\/\">\u00c0 propos<\/a> page<\/p>\n\n\n\n<p>Avril 2026<\/p>\n<ul>\n<li>Le message du pr\u00e9sident d'avril a \u00e9t\u00e9 ajout\u00e9 \u00e0 l'espace membres.<\/li>\n<li>Le calendrier a \u00e9t\u00e9 mis \u00e0 jour avec les \u00e9v\u00e9nements de 2026.<\/li>\n<\/ul>\n<p>March 2026<\/p>\n<ul>\n<li>Le registre des r\u00e9solutions a \u00e9t\u00e9 mis \u00e0 jour<\/li>\n<\/ul>\n<p>Octobre 2025<\/p>\n<ul>\n<li>La page Photos a \u00e9t\u00e9 mise \u00e0 jour.<\/li>\n<li>Les documents relatifs \u00e0 l'assembl\u00e9e g\u00e9n\u00e9rale annuelle ont \u00e9t\u00e9 t\u00e9l\u00e9charg\u00e9s dans l'espace r\u00e9serv\u00e9 aux membres.<\/li>\n<li>La liste des dirigeants et administrateurs a \u00e9t\u00e9 mise \u00e0 jour.<\/li>\n<li>Message du pr\u00e9sident du 30 septembre<\/li>\n<li>Recensement des plantes aquatiques<\/li>\n<\/ul>\n<p>Ao\u00fbt 2025<\/p>\n<ul>\n<li>Le <a href=\"https:\/\/www.alsj.ca\/fr\/pictures\/\">Photos<\/a> page a \u00e9t\u00e9 mise \u00e0 jour avec de magnifiques paysages ainsi que notre derni\u00e8re r\u00e9gate.<\/li>\n<li>Le <a href=\"https:\/\/www.alsj.ca\/fr\/environment-newsletters\/\">bulletin d'information sur l'environnement estival<\/a> pour 2025 a \u00e9t\u00e9 publi\u00e9.<\/li>\n<\/ul>\n<p>Juin 2025<\/p>\n<ul>\n<li>Le message du pr\u00e9sident pour le mois de juin a \u00e9t\u00e9 t\u00e9l\u00e9charg\u00e9 dans l'espace membres.<\/li>\n<\/ul>\n<p>Mai 2025<\/p>\n<ul>\n<li>Vous pouvez maintenant t\u00e9l\u00e9charger notre <a href=\"https:\/\/www.alsj.ca\/wp-content\/uploads\/2025\/05\/ALSJ-activity-calendar_ALSJ-Members_v5.pdf\">Calendrier des activit\u00e9s<\/a>, ou visitez notre <a href=\"https:\/\/www.alsj.ca\/fr\/calendar\/\">Page du calendrier<\/a>!<\/li>\n<\/ul>\n<p>Avril 2025<\/p>\n<ul>\n<li>La page d'information des membres de l'ALSJ a \u00e9t\u00e9 remplac\u00e9e par l'espace membres de l'ALSJ, avec quatre nouvelles sous-sections. Le mot de passe pour acc\u00e9der \u00e0 cette nouvelle zone reste le m\u00eame que pr\u00e9c\u00e9demment.<\/li>\n<li>Une page sur les pr\u00e9paratifs d'urgence a \u00e9t\u00e9 ajout\u00e9e au menu Documents Communautaires.  Un grand merci \u00e0 Livio pour son travail !<\/li>\n<li><a href=\"https:\/\/www.alsj.ca\/fr\/calendar\/\">Mise \u00e0 jour du calendrier communautaire<\/a><\/li>\n<\/ul>\n<p>\u00a0\u00a0<\/p>\n<ul>\n<li>Mise \u00e0 jour de la campagne du sommet\u00a0 <a href=\"https:\/\/www.alsj.ca\/wp-content\/uploads\/2025\/02\/LSJ-Mise-a-jour-SOMMET-1-fevrier-2025-FR.pdf\">Fran\u00e7ais<\/a>\u00a0 <a href=\"https:\/\/www.alsj.ca\/wp-content\/uploads\/2025\/02\/LSJ-Summit-Update-1-February-2025-EN.pdf\">English<\/a><\/li>\n<li>New addition: <a href=\"https:\/\/www.alsj.ca\/fr\/aboutus\/\"><span data-olk-copy-source=\"MessageBody\">Geological and Ecological History of Lac Sir-John and its\u00a0Environs<\/span><\/a><\/li>\n<\/ul>\n\n\n\n<p><\/p>","protected":false},"excerpt":{"rendered":"<p>A&nbsp;History of the Lac Sir-John Community is now located on our About Us page April 2026 The President&#8217;s April message was added to the member area The calendar has been updated with 2026 events March 2026 The Resolutions register has been updated October 2025 Pictures page has been updated AGM documents have been uploaded to [&hellip;]<\/p>\n","protected":false},"author":47,"featured_media":0,"parent":0,"menu_order":0,"comment_status":"closed","ping_status":"closed","template":"","meta":{"ocean_post_layout":"","ocean_both_sidebars_style":"","ocean_both_sidebars_content_width":0,"ocean_both_sidebars_sidebars_width":0,"ocean_sidebar":"0","ocean_second_sidebar":"0","ocean_disable_margins":"enable","ocean_add_body_class":"","ocean_shortcode_before_top_bar":"","ocean_shortcode_after_top_bar":"","ocean_shortcode_before_header":"","ocean_shortcode_after_header":"","ocean_has_shortcode":"","ocean_shortcode_after_title":"","ocean_shortcode_before_footer_widgets":"","ocean_shortcode_after_footer_widgets":"","ocean_shortcode_before_footer_bottom":"","ocean_shortcode_after_footer_bottom":"","ocean_display_top_bar":"default","ocean_display_header":"default","ocean_header_style":"","ocean_center_header_left_menu":"0","ocean_custom_header_template":"0","ocean_custom_logo":0,"ocean_custom_retina_logo":0,"ocean_custom_logo_max_width":0,"ocean_custom_logo_tablet_max_width":0,"ocean_custom_logo_mobile_max_width":0,"ocean_custom_logo_max_height":0,"ocean_custom_logo_tablet_max_height":0,"ocean_custom_logo_mobile_max_height":0,"ocean_header_custom_menu":"0","ocean_menu_typo_font_family":"0","ocean_menu_typo_font_subset":"","ocean_menu_typo_font_size":0,"ocean_menu_typo_font_size_tablet":0,"ocean_menu_typo_font_size_mobile":0,"ocean_menu_typo_font_size_unit":"px","ocean_menu_typo_font_weight":"","ocean_menu_typo_font_weight_tablet":"","ocean_menu_typo_font_weight_mobile":"","ocean_menu_typo_transform":"","ocean_menu_typo_transform_tablet":"","ocean_menu_typo_transform_mobile":"","ocean_menu_typo_line_height":0,"ocean_menu_typo_line_height_tablet":0,"ocean_menu_typo_line_height_mobile":0,"ocean_menu_typo_line_height_unit":"","ocean_menu_typo_spacing":0,"ocean_menu_typo_spacing_tablet":0,"ocean_menu_typo_spacing_mobile":0,"ocean_menu_typo_spacing_unit":"","ocean_menu_link_color":"","ocean_menu_link_color_hover":"","ocean_menu_link_color_active":"","ocean_menu_link_background":"","ocean_menu_link_hover_background":"","ocean_menu_link_active_background":"","ocean_menu_social_links_bg":"","ocean_menu_social_hover_links_bg":"","ocean_menu_social_links_color":"","ocean_menu_social_hover_links_color":"","ocean_disable_title":"default","ocean_disable_heading":"default","ocean_post_title":"","ocean_post_subheading":"","ocean_post_title_style":"","ocean_post_title_background_color":"","ocean_post_title_background":0,"ocean_post_title_bg_image_position":"","ocean_post_title_bg_image_attachment":"","ocean_post_title_bg_image_repeat":"","ocean_post_title_bg_image_size":"","ocean_post_title_height":0,"ocean_post_title_bg_overlay":0.5,"ocean_post_title_bg_overlay_color":"","ocean_disable_breadcrumbs":"default","ocean_breadcrumbs_color":"","ocean_breadcrumbs_separator_color":"","ocean_breadcrumbs_links_color":"","ocean_breadcrumbs_links_hover_color":"","ocean_display_footer_widgets":"default","ocean_display_footer_bottom":"default","ocean_custom_footer_template":"0","footnotes":""},"class_list":["post-1681","page","type-page","status-publish","hentry","entry"],"_links":{"self":[{"href":"https:\/\/www.alsj.ca\/fr\/wp-json\/wp\/v2\/pages\/1681","targetHints":{"allow":["GET"]}}],"collection":[{"href":"https:\/\/www.alsj.ca\/fr\/wp-json\/wp\/v2\/pages"}],"about":[{"href":"https:\/\/www.alsj.ca\/fr\/wp-json\/wp\/v2\/types\/page"}],"author":[{"embeddable":true,"href":"https:\/\/www.alsj.ca\/fr\/wp-json\/wp\/v2\/users\/47"}],"replies":[{"embeddable":true,"href":"https:\/\/www.alsj.ca\/fr\/wp-json\/wp\/v2\/comments?post=1681"}],"version-history":[{"count":77,"href":"https:\/\/www.alsj.ca\/fr\/wp-json\/wp\/v2\/pages\/1681\/revisions"}],"predecessor-version":[{"id":3497,"href":"https:\/\/www.alsj.ca\/fr\/wp-json\/wp\/v2\/pages\/1681\/revisions\/3497"}],"wp:attachment":[{"href":"https:\/\/www.alsj.ca\/fr\/wp-json\/wp\/v2\/media?parent=1681"}],"curies":[{"name":"wp","href":"https:\/\/api.w.org\/{rel}","templated":true}]}}