{"id":2779,"date":"2024-09-04T09:30:20","date_gmt":"2024-09-04T13:30:20","guid":{"rendered":"https:\/\/www.alsj.ca\/?page_id=2779"},"modified":"2025-12-21T13:14:48","modified_gmt":"2025-12-21T18:14:48","slug":"campaign-to-protect-the-summit","status":"publish","type":"page","link":"https:\/\/www.alsj.ca\/fr\/campaign-to-protect-the-summit\/","title":{"rendered":"Campagne pour la protection du Sommet"},"content":{"rendered":"<div class=\"wp-block-columns is-layout-flex wp-container-core-columns-is-layout-9d6595d7 wp-block-columns-is-layout-flex\">\n<div class=\"wp-block-column is-layout-flow wp-block-column-is-layout-flow\"><div class=\"wp-block-image\">\n<figure class=\"aligncenter size-full is-resized\"><img loading=\"lazy\" decoding=\"async\" width=\"444\" height=\"444\" src=\"https:\/\/www.alsj.ca\/wp-content\/uploads\/2021\/05\/new-logo-large.jpg\" alt=\"\" class=\"wp-image-1297\" style=\"width:170px;height:auto\" srcset=\"https:\/\/www.alsj.ca\/wp-content\/uploads\/2021\/05\/new-logo-large.jpg 444w, https:\/\/www.alsj.ca\/wp-content\/uploads\/2021\/05\/new-logo-large-300x300.jpg 300w, https:\/\/www.alsj.ca\/wp-content\/uploads\/2021\/05\/new-logo-large-150x150.jpg 150w, https:\/\/www.alsj.ca\/wp-content\/uploads\/2021\/05\/new-logo-large-12x12.jpg 12w\" sizes=\"auto, (max-width: 444px) 100vw, 444px\" \/><\/figure>\n<\/div><\/div>\n\n\n\n<div class=\"wp-block-column is-vertically-aligned-center is-layout-flow wp-block-column-is-layout-flow\"><div class=\"wp-block-image\">\n<figure class=\"aligncenter size-full is-resized\"><img loading=\"lazy\" decoding=\"async\" width=\"207\" height=\"92\" src=\"https:\/\/www.alsj.ca\/wp-content\/uploads\/2024\/08\/ConservationLakefield.jpg\" alt=\"\" class=\"wp-image-2786\" style=\"width:243px;height:auto\" srcset=\"https:\/\/www.alsj.ca\/wp-content\/uploads\/2024\/08\/ConservationLakefield.jpg 207w, https:\/\/www.alsj.ca\/wp-content\/uploads\/2024\/08\/ConservationLakefield-18x8.jpg 18w\" sizes=\"auto, (max-width: 207px) 100vw, 207px\" \/><\/figure>\n<\/div><\/div>\n<\/div>\n\n\n<div class=\"wp-block-image\">\n<figure class=\"aligncenter size-full\"><img loading=\"lazy\" decoding=\"async\" width=\"671\" height=\"358\" src=\"https:\/\/www.alsj.ca\/wp-content\/uploads\/2024\/08\/Fundraiser-for-the-summit-lake.png\" alt=\"\" class=\"wp-image-2782\" srcset=\"https:\/\/www.alsj.ca\/wp-content\/uploads\/2024\/08\/Fundraiser-for-the-summit-lake.png 671w, https:\/\/www.alsj.ca\/wp-content\/uploads\/2024\/08\/Fundraiser-for-the-summit-lake-300x160.png 300w, https:\/\/www.alsj.ca\/wp-content\/uploads\/2024\/08\/Fundraiser-for-the-summit-lake-18x10.png 18w\" sizes=\"auto, (max-width: 671px) 100vw, 671px\" \/><\/figure>\n<\/div>\n\n\n<h2 class=\"wp-block-heading has-text-align-center\"><strong>Merci de faire un don pour pr\u00e9server le \u00ab SOMMET \u00bb !<\/strong><\/h2>\n\n\n\n<p>Le Lac Sir John, en partenariat avec Conservation Lakefield, lance une campagne de lev\u00e9e de fonds afin d\u2019acqu\u00e9rir et de pr\u00e9server le \u00ab SOMMET \u00bb.   La zone \"SOMMET\" de 48 acres est constitu\u00e9e du sommet d\u2019une magnifique colline, visible depuis le lac Sir John, et de sa for\u00eat environnante d\u2019o\u00f9 \u00e9merge un important ruisseau.  Ce ruisseau partant du lac Kenny irrigue le lac Sir John d\u2019o\u00f9 son importance pour la qualit\u00e9 de nos eaux.<\/p>\n\n\n\n<p>Apr\u00e8s d'intenses n\u00e9gociations, nous avons r\u00e9ussi \u00e0 stopper temporairement le d\u00e9veloppement d'une nouvelle route et de 16 maisons devant \u00eatre construites sur le \u00ab SOMMET \u00bb.  Conservation Lakefield doit cependant  maintenant r\u00e9unir 640 000 $ afin d\u2019acheter le terrain \u00ab SOMMET \u00bb au co\u00fbt de sa valeur marchande.<\/p>\n\n\n\n<p><\/p>\n\n\n\n<p>Au cours des derni\u00e8res ann\u00e9es, Conservation Lakefield a d\u00e9j\u00e0 r\u00e9ussi \u00e0 pr\u00e9server 375 acres au nord du lac Sir John.    Dans le cadre de leurs op\u00e9rations de lev\u00e9e de fonds des phases 1 et 2, plus de 700 000 $ ont \u00e9t\u00e9 obtenus gr\u00e2ce \u00e0 des dons priv\u00e9s et plus de 1,0 million de dollars gr\u00e2ce \u00e0 des subventions f\u00e9d\u00e9rales, provinciales ou autres.  Le territoire est dor\u00e9navant prot\u00e9g\u00e9 \u00e0 perp\u00e9tuit\u00e9.  Dans la phase 3, Conservation Lakefield s'associe au Lac Sir John afin de lever des fonds aupr\u00e8s des r\u00e9sidants et d\u2019obtenir un financement gouvernemental pour la pr\u00e9servation du SOMMET.  Des dons priv\u00e9s importants sont essentiels pour obtenir un financement gouvernemental.<\/p>\n\n\n\n<p>Nous devons nous serrer la main pour pr\u00e9server le \u00ab SOMMET \u00bb.  S'il vous pla\u00eet, parlez-en \u00e0 vos voisins et \u00e0 vos amis du Lac Sir John et faites un don (ou une promesse de don) \u00e0 Conservation Lakefield avant le 31 d\u00e9cembre 2024.  Tous les montants sont les bienvenus.   Des re\u00e7us fiscaux seront \u00e9mis.<strong>&nbsp;<\/strong><\/p>\n\n\n\n<p>Pour une pr\u00e9sentation visuelle de la campagne LSJ SUMMIT : <strong><span style=\"color: #3366ff;\"><a style=\"color: #3366ff;\" href=\"https:\/\/www.alsj.ca\/wp-content\/uploads\/2024\/09\/Fundraising-SUMMIT-2024-2025-V8-FRENCH-sb-JML-for-web-site.pdf\">fran\u00e7ais<\/a><\/span><\/strong> <strong><a href=\"https:\/\/www.alsj.ca\/wp-content\/uploads\/2024\/09\/Fundraising-2024-2025-SUMMIT-shrink-ENGLISH-V8-for-web-site.pdf\"><span style=\"color: #3366ff;\">English<\/span><\/a> <\/strong><\/p>\n\n\n\n<p>Pour des informations d\u00e9taill\u00e9es sur la campagne SUMMIT : <a href=\"https:\/\/www.alsj.ca\/wp-content\/uploads\/2024\/09\/Perpetual-Conservation-of-the-SUMMIT-V14-FRENCH-for-web-site.pdf\"><span style=\"color: #3366ff;\"><strong>fran\u00e7ais<\/strong><\/span><\/a> <span style=\"color: #3366ff;\"><strong><a style=\"color: #3366ff;\" href=\"https:\/\/www.alsj.ca\/wp-content\/uploads\/2024\/09\/Perpetual-Conservation-of-the-SUMMIT-V14-ENGLISH-for-web-site.pdf\">English<\/a> <\/strong><\/span><\/p>\n\n\n\n<p><\/p>\n\n\n\n<h1 style=\"text-align: center;\"><strong><a href=\"https:\/\/www.alsj.ca\/wp-content\/uploads\/2024\/09\/FINAL-FRENCH-LSJ-SUMMIT-Donation-Form-2024-2025-V4.pdf\"><mark class=\"has-inline-color has-vivid-cyan-blue-color\" style=\"background-color: rgba(0, 0, 0, 0);\">LSJ merci de FAIRE UN DON MAINTENANT<\/mark><\/a><\/strong><\/h1>\n\n\n\n<p><strong>Veuillez cliquer sur le titre ci-dessus. Les informations sur la mani\u00e8re de faire un don sont contenues dans le formulaire que vous \u00eates invit\u00e9 \u00e0 remplir.<\/strong><\/p>\n\n\n\n<div class=\"wp-block-columns is-layout-flex wp-container-core-columns-is-layout-9d6595d7 wp-block-columns-is-layout-flex\">\n<div class=\"wp-block-column is-layout-flow wp-block-column-is-layout-flow\"><\/div>\n<\/div>\n\n\n\n<p>Vous avez encore des questions ?   N\u2019h\u00e9sitez surtout pas \u00e0 nous joindre par courriel \u00e0 <a href=\"mailto:info@conservationlakefield.ca\">info@conservationlakefield.ca<\/a> pour plus d'informations. Un membre de la campagne LSJ sera heureux de vous aider.<\/p>\n\n\n\n<p>&nbsp;&nbsp;<\/p>\n\n\n\n<h1 style=\"text-align: center;\"><strong>Nous remercions tous les donateurs!!!<\/strong><\/h1>\n<hr \/>\n<p><strong>$10,000<\/strong><\/p>\n<hr \/>\n<p><span class=\"NormalTextRun SCXW89361643 BCX8\">Anonyme<br \/><\/span>Sue and Allan Bishop and Family (In Memory of John Bishop)\u00a0\u00a0<\/p>\n<hr \/>\n<p><strong>$5,000 &#8211; $9,999<\/strong><\/p>\n<hr \/>\n<p><span class=\"NormalTextRun SCXW177877962 BCX8\">Anonyme <\/span><span class=\"NormalTextRun SCXW177877962 BCX8\">(En m\u00e9moire de son p\u00e8re<\/span><span class=\"NormalTextRun SCXW177877962 BCX8\">)<\/span><br \/>Paul Baillargeon and Sylvie Lalande<br \/>Susan Bishop (en m\u00e9moire de John Bishop)<br \/>Douglas Dempster et Christene Boutilier (en m\u00e9moire de Shirley et Lew Dempster)<br \/><span class=\"TextRun SCXW297039 BCX8\" lang=\"FR-CA\" xml:lang=\"FR-CA\" data-contrast=\"none\"><span class=\"NormalTextRun SCXW297039 BCX8\">Louis <\/span><span class=\"NormalTextRun SpellingErrorV2Themed SCXW297039 BCX8\">Dicaire<\/span><span class=\"NormalTextRun SCXW297039 BCX8\"> et Jos\u00e9e Emond<\/span><\/span><span class=\"EOP SCXW297039 BCX8\" data-ccp-props=\"{&quot;201341983&quot;:0,&quot;335559738&quot;:80,&quot;335559739&quot;:80,&quot;335559740&quot;:240}\">\u00a0<\/span><br \/><span class=\"TextRun SCXW42668919 BCX8\" lang=\"FR-CA\" xml:lang=\"FR-CA\" data-contrast=\"none\"><span class=\"NormalTextRun SCXW42668919 BCX8\">The Donald Family<\/span><\/span><span class=\"EOP SCXW42668919 BCX8\" data-ccp-props=\"{&quot;201341983&quot;:0,&quot;335559738&quot;:80,&quot;335559739&quot;:80,&quot;335559740&quot;:240}\">\u00a0<\/span><br \/><span class=\"TextRun SCXW18487970 BCX8\" lang=\"FR-CA\" xml:lang=\"FR-CA\" data-contrast=\"auto\"><span class=\"NormalTextRun SCXW18487970 BCX8\">St\u00e9phane Landry<\/span><\/span><span class=\"EOP SCXW18487970 BCX8\" data-ccp-props=\"{&quot;201341983&quot;:0,&quot;335559738&quot;:80,&quot;335559739&quot;:80,&quot;335559740&quot;:259}\">\u00a0<\/span><br \/><span class=\"TextRun SCXW14241188 BCX8\" lang=\"EN-CA\" xml:lang=\"EN-CA\" data-contrast=\"auto\"><span class=\"NormalTextRun SCXW14241188 BCX8\">Phillipe Laurent<\/span><\/span> <span class=\"TextRun SCXW14241188 BCX8\" lang=\"EN-CA\" xml:lang=\"EN-CA\" data-contrast=\"auto\"><span class=\"NormalTextRun SCXW14241188 BCX8\">et Catherine Blais<\/span><\/span><span class=\"EOP SCXW14241188 BCX8\" data-ccp-props=\"{&quot;201341983&quot;:0,&quot;335559738&quot;:80,&quot;335559739&quot;:80,&quot;335559740&quot;:259}\">\u00a0<\/span><br \/>Sylvie et <span class=\"NormalTextRun SCXW212969554 BCX8\">Ga\u00e9tan<\/span> Lebel<br \/>Dani\u00e8le Michaud<br \/>Christopher Sweeney (in Memory of the Sweeneys)<\/p>\n<hr \/>\n<p><strong>$2,000 \u2013 $4,999<\/strong><\/p>\n<hr \/>\n<p><span class=\"TextRun SCXW103636755 BCX8\" lang=\"EN-CA\" xml:lang=\"EN-CA\" data-contrast=\"auto\"><span class=\"NormalTextRun SCXW103636755 BCX8\">Anonyme<br \/><\/span><\/span><span class=\"TextRun SCXW86752404 BCX8\" lang=\"EN-CA\" xml:lang=\"EN-CA\" data-contrast=\"auto\"><span class=\"NormalTextRun SCXW86752404 BCX8\">Anonyme (en m\u00e9moire de Rose Hamlin)<\/span><\/span><br \/>Susan Anastasopoulos (en m\u00e9moire d'Anastasios Anastasopoulos)<br \/><span class=\"NormalTextRun SCXW211070971 BCX8\">Vanessa Anastasopoulos<\/span><span class=\"NormalTextRun SCXW211070971 BCX8\"> (En m\u00e9moire d'Anastasios Anastasopoulos)<\/span><br \/>Jane Bishop (en m\u00e9moire de mon fr\u00e8re John Bishop)<br \/>Martha et Terry Brew<br \/><span class=\"TextRun SCXW17346936 BCX8\" lang=\"EN-CA\" xml:lang=\"EN-CA\" data-contrast=\"auto\"><span class=\"NormalTextRun SCXW17346936 BCX8\">Kenneth <\/span><\/span>Bunker et Martine Boudreau<br \/>Brian Cezair<br \/><span class=\"NormalTextRun SCXW37680835 BCX8\">Ronald Cole<\/span><span class=\"NormalTextRun SCXW37680835 BCX8\"> et sa famille (\u00e0 la m\u00e9moire de Ross et Kathy Cole)<br \/>The DeGroot Family (In memory of Leo DeGroot)<br \/><span class=\"TextRun SCXW20852644 BCX8\" lang=\"FR-CA\" xml:lang=\"FR-CA\" data-contrast=\"auto\"><span class=\"NormalTextRun SpellingErrorV2Themed SCXW20852644 BCX8\" data-ccp-parastyle=\"heading 4\">Val\u00e9rie<\/span><span class=\"NormalTextRun SCXW20852644 BCX8\" data-ccp-parastyle=\"heading 4\">\u00a0Lambert et Patrice <\/span><span class=\"NormalTextRun SpellingErrorV2Themed SCXW20852644 BCX8\" data-ccp-parastyle=\"heading 4\">R\u00e9hel<\/span><\/span><span class=\"EOP SCXW20852644 BCX8\" data-ccp-props=\"{&quot;134245418&quot;:true,&quot;134245529&quot;:true,&quot;201341983&quot;:0,&quot;335559738&quot;:80,&quot;335559739&quot;:80,&quot;335559740&quot;:259}\">\u00a0<\/span><\/span><br \/>Carole Lamoureux et Jean Gravel<br \/>Ron et Louise Johnston<br \/>Pierre Marchand<br \/><span class=\"NormalTextRun SCXW208467260 BCX8\">The McTavish Family<\/span><span class=\"NormalTextRun SCXW208467260 BCX8\"> (En m\u00e9moire de <\/span><span class=\"NormalTextRun SCXW208467260 BCX8\">John et Kit McTavish<\/span><span class=\"NormalTextRun SCXW208467260 BCX8\">)<\/span><br \/><span class=\"TextRun SCXW15383857 BCX8\" lang=\"EN-CA\" xml:lang=\"EN-CA\" data-contrast=\"auto\"><span class=\"NormalTextRun SCXW15383857 BCX8\">Jane Preville (en m\u00e9moire de mon fr\u00e8re Peter Preville)<\/span><\/span><\/p>\n<hr \/>\n<p><strong>$1,000 \u2013 $1,999<\/strong><\/p>\n<hr \/>\n<p>Anonyme<br \/>Anonyme<br \/>Anonyme<br \/>Anonyme<br \/><span class=\"TextRun SCXW36406741 BCX8\" lang=\"EN-CA\" xml:lang=\"EN-CA\" data-contrast=\"none\"><span class=\"NormalTextRun SCXW36406741 BCX8\">Jeanne Berkel<\/span><\/span><span class=\"EOP SCXW36406741 BCX8\" data-ccp-props=\"{&quot;201341983&quot;:0,&quot;335559738&quot;:80,&quot;335559739&quot;:80,&quot;335559740&quot;:240}\">\u00a0<\/span><br \/><span class=\"NormalTextRun SCXW199796042 BCX8\">David Bouskill<\/span><span class=\"NormalTextRun SCXW199796042 BCX8\"> (En m\u00e9moire de Brian et Peggy Bouskill)<br \/><\/span>Mariam Bowen (In memory of Murray and Rose Bowen)<br \/><span class=\"TextRun SCXW98024163 BCX8\" lang=\"EN-CA\" xml:lang=\"EN-CA\" data-contrast=\"auto\"><span class=\"NormalTextRun SCXW98024163 BCX8\">La famille Breault<\/span><span class=\"NormalTextRun SCXW98024163 BCX8\">\u00a0<br \/><\/span><\/span><span class=\"EOP SCXW98024163 BCX8\" data-ccp-props=\"{&quot;201341983&quot;:0,&quot;335559738&quot;:80,&quot;335559739&quot;:80,&quot;335559740&quot;:259}\">The Emery Family (In memory of Michael and Patricia Fraser)\u00a0<\/span><br \/><span class=\"NormalTextRun SCXW110802955 BCX8\">Carl <\/span><span class=\"NormalTextRun SpellingErrorV2Themed SCXW110802955 BCX8\">Nappert and Bernadette Sarazin<br \/><\/span>Yolande Poulin (In memory of Rock Poulin)<br \/>Chris Romer &amp; Family<br \/>M\u00e9lanie Samson et Olivier Dumoulin<\/p>\n<hr \/>\n<p><strong>$500 \u2013 999<\/strong><\/p>\n<hr \/>\n<p><span class=\"TextRun SCXW6933291 BCX8\" lang=\"EN-CA\" xml:lang=\"EN-CA\" data-contrast=\"none\"><span class=\"NormalTextRun SCXW6933291 BCX8\">Anonyme<\/span><span class=\"NormalTextRun SCXW6933291 BCX8\">\u00a0<br \/>Anonyme<br \/>Anonyme<br \/>Anonyme<br \/><span class=\"TextRun SCXW192549576 BCX8\" lang=\"EN-CA\" xml:lang=\"EN-CA\" data-contrast=\"none\"><span class=\"NormalTextRun SCXW192549576 BCX8\">Henry Andres (en m\u00e9moire de Tasos Anastasopoulos)<\/span><\/span><span class=\"EOP SCXW192549576 BCX8\" data-ccp-props=\"{&quot;201341983&quot;:0,&quot;335559738&quot;:80,&quot;335559739&quot;:80,&quot;335559740&quot;:240}\"><br \/><span class=\"TextRun SCXW72860317 BCX8\" lang=\"EN-CA\" xml:lang=\"EN-CA\" data-contrast=\"none\"><span class=\"NormalTextRun SCXW72860317 BCX8\">Nathalie Baillargeon et Martin Paquet<\/span><\/span><span class=\"EOP SCXW72860317 BCX8\" data-ccp-props=\"{&quot;201341983&quot;:0,&quot;335559738&quot;:80,&quot;335559739&quot;:80,&quot;335559740&quot;:240}\">\u00a0<\/span><\/span><br \/><span class=\"TextRun SCXW8928736 BCX8\" lang=\"EN-CA\" xml:lang=\"EN-CA\" data-contrast=\"none\"><span class=\"NormalTextRun SCXW8928736 BCX8\">Robert Beaudoin<\/span><\/span><br \/><span class=\"TextRun SCXW125203129 BCX8\" lang=\"EN-CA\" xml:lang=\"EN-CA\" data-contrast=\"none\"><span class=\"NormalTextRun SCXW125203129 BCX8\">Sam Brek<br \/><span class=\"TextRun SCXW92671020 BCX8\" lang=\"FR-CA\" xml:lang=\"FR-CA\" data-contrast=\"auto\"><span class=\"NormalTextRun SCXW92671020 BCX8\" data-ccp-parastyle=\"Normal (Web)\">Marie-H\u00e9l\u00e8ne Bouchard, Famille Bouchard-H\u00e9bert<\/span><\/span><span class=\"EOP SCXW92671020 BCX8\" data-ccp-props=\"{&quot;134233117&quot;:false,&quot;134233118&quot;:false,&quot;201341983&quot;:0,&quot;335559738&quot;:80,&quot;335559739&quot;:80,&quot;335559740&quot;:240}\">\u00a0<br \/><\/span><\/span><\/span><\/span><\/span>Famille Caron<br \/>Dana Dempster (en m\u00e9moire de Shirley et Lew Dempster)<br \/>Sheila M Dempster (en m\u00e9moire de Shirley et Lew Dempster)<br \/><span class=\"NormalTextRun SCXW208136021 BCX8\" data-ccp-parastyle=\"Normal (Web)\">Michel Lupien (\u00e0 la m\u00e9moire de Jacques et <\/span><span class=\"NormalTextRun SpellingErrorV2Themed SCXW208136021 BCX8\" data-ccp-parastyle=\"Normal (Web)\">Mado<\/span><span class=\"NormalTextRun SCXW208136021 BCX8\" data-ccp-parastyle=\"Normal (Web)\"> Lupien)<br \/><\/span><span class=\"NormalTextRun SCXW208136021 BCX8\" data-ccp-parastyle=\"Normal (Web)\">Patrick McFadden<br \/><\/span>Benjamin Painchaud, Judith Campbell and family<br \/>Marc Perrault et Sylvie Duceppe<br \/>Eric St-Amour and Camille Demers-Poirier<br \/><span class=\"TextRun SCXW8393641 BCX8\" lang=\"EN-CA\" xml:lang=\"EN-CA\" data-contrast=\"auto\"><span class=\"NormalTextRun SCXW8393641 BCX8\" data-ccp-parastyle=\"Normal (Web)\">Robert <\/span><span class=\"NormalTextRun SCXW8393641 BCX8\" data-ccp-parastyle=\"Normal (Web)\">Woodrough<\/span><span class=\"NormalTextRun SCXW8393641 BCX8\" data-ccp-parastyle=\"Normal (Web)\"> et H\u00e9l\u00e8ne Parenteau<\/span><\/span><span class=\"EOP SCXW8393641 BCX8\" data-ccp-props=\"{&quot;134233117&quot;:false,&quot;134233118&quot;:false,&quot;201341983&quot;:0,&quot;335559738&quot;:80,&quot;335559739&quot;:80,&quot;335559740&quot;:240}\">\u00a0<\/span><\/p>\n<hr \/>\n<p><strong>Up to $499<\/strong><\/p>\n<hr \/>\n<p><span class=\"TextRun SCXW151415664 BCX8\" lang=\"EN-CA\" xml:lang=\"EN-CA\" data-contrast=\"auto\"><span class=\"NormalTextRun SCXW151415664 BCX8\" data-ccp-parastyle=\"Normal (Web)\">Anonyme<br \/>Anonyme<br \/>Karen Bellemare<br \/>Greg Dunnigan<br \/><\/span><\/span><span class=\"TextRun SCXW151415664 BCX8\" lang=\"EN-CA\" xml:lang=\"EN-CA\" data-contrast=\"auto\"><span class=\"NormalTextRun SCXW151415664 BCX8\" data-ccp-parastyle=\"Normal (Web)\"><span class=\"TextRun SCXW56392697 BCX8\" lang=\"EN-CA\" xml:lang=\"EN-CA\" data-contrast=\"auto\"><span class=\"NormalTextRun SCXW56392697 BCX8\" data-ccp-parastyle=\"Normal (Web)\">John Gall (en m\u00e9moire de Joannie, <\/span><span class=\"NormalTextRun SCXW56392697 BCX8\" data-ccp-parastyle=\"Normal (Web)\">Watson<\/span><span class=\"NormalTextRun SCXW56392697 BCX8\" data-ccp-parastyle=\"Normal (Web)\"> et Stuart Gall)<\/span><\/span><span class=\"EOP SCXW56392697 BCX8\" data-ccp-props=\"{&quot;134233117&quot;:false,&quot;134233118&quot;:false,&quot;201341983&quot;:0,&quot;335559738&quot;:80,&quot;335559739&quot;:80,&quot;335559740&quot;:240}\">\u00a0<br \/>Heather George (In memory of John George)<br \/><span class=\"TextRun SCXW186350732 BCX8\" lang=\"EN-CA\" xml:lang=\"EN-CA\" data-contrast=\"auto\"><span class=\"NormalTextRun SCXW186350732 BCX8\" data-ccp-parastyle=\"Normal (Web)\">Sue Quarles (en m\u00e9moire de Tasos Anastasopoulos)<\/span><\/span><span class=\"EOP SCXW186350732 BCX8\" data-ccp-props=\"{&quot;134233117&quot;:false,&quot;134233118&quot;:false,&quot;201341983&quot;:0,&quot;335559738&quot;:80,&quot;335559739&quot;:80,&quot;335559740&quot;:240}\">\u00a0<\/span><br \/><\/span><\/span><\/span><\/p>\n\n\n\n<hr class=\"wp-block-separator aligncenter has-alpha-channel-opacity\"\/>\n\n\n\n<p>Conservation Lakefield a \u00e9galement lanc\u00e9 sa campagne SUMMIT pour les r\u00e9sidents de Lakefield Estate.<\/p>\n\n\n\n<p>Pour visiter le site SUMMIT de Conservation Lakefield : <span style=\"color: #3366ff;\"><strong><a style=\"color: #3366ff;\" href=\"https:\/\/conservationlakefield.ca\/aidez-nous-a-preserver-le-sommet\/\">fran\u00e7ais<\/a><\/strong><\/span> <span style=\"color: #3366ff;\"><strong><a style=\"color: #3366ff;\" href=\"https:\/\/conservationlakefield.ca\/help-us-preserve-the-summit\/\">English<\/a>\u00a0<\/strong><\/span><\/p>","protected":false},"excerpt":{"rendered":"<p>Please donate generously to preserve the \u201cSUMMIT\u201d! Lake Sir John in partnership with Conservation Lakefield is launching a fundraising campaign to purchase and conserve the \u201cSUMMIT\u201d. This 48 acre &#8220;SUMMIT&#8221; area includes a beautiful hilltop, visible from Lake Sir John, and its surrounding forest through which an important stream flows into Lake Sir John from [&hellip;]<\/p>\n","protected":false},"author":47,"featured_media":0,"parent":0,"menu_order":0,"comment_status":"closed","ping_status":"closed","template":"","meta":{"ocean_post_layout":"","ocean_both_sidebars_style":"","ocean_both_sidebars_content_width":0,"ocean_both_sidebars_sidebars_width":0,"ocean_sidebar":"","ocean_second_sidebar":"","ocean_disable_margins":"enable","ocean_add_body_class":"","ocean_shortcode_before_top_bar":"","ocean_shortcode_after_top_bar":"","ocean_shortcode_before_header":"","ocean_shortcode_after_header":"","ocean_has_shortcode":"","ocean_shortcode_after_title":"","ocean_shortcode_before_footer_widgets":"","ocean_shortcode_after_footer_widgets":"","ocean_shortcode_before_footer_bottom":"","ocean_shortcode_after_footer_bottom":"","ocean_display_top_bar":"default","ocean_display_header":"default","ocean_header_style":"","ocean_center_header_left_menu":"","ocean_custom_header_template":"","ocean_custom_logo":0,"ocean_custom_retina_logo":0,"ocean_custom_logo_max_width":0,"ocean_custom_logo_tablet_max_width":0,"ocean_custom_logo_mobile_max_width":0,"ocean_custom_logo_max_height":0,"ocean_custom_logo_tablet_max_height":0,"ocean_custom_logo_mobile_max_height":0,"ocean_header_custom_menu":"","ocean_menu_typo_font_family":"","ocean_menu_typo_font_subset":"","ocean_menu_typo_font_size":0,"ocean_menu_typo_font_size_tablet":0,"ocean_menu_typo_font_size_mobile":0,"ocean_menu_typo_font_size_unit":"px","ocean_menu_typo_font_weight":"","ocean_menu_typo_font_weight_tablet":"","ocean_menu_typo_font_weight_mobile":"","ocean_menu_typo_transform":"","ocean_menu_typo_transform_tablet":"","ocean_menu_typo_transform_mobile":"","ocean_menu_typo_line_height":0,"ocean_menu_typo_line_height_tablet":0,"ocean_menu_typo_line_height_mobile":0,"ocean_menu_typo_line_height_unit":"","ocean_menu_typo_spacing":0,"ocean_menu_typo_spacing_tablet":0,"ocean_menu_typo_spacing_mobile":0,"ocean_menu_typo_spacing_unit":"","ocean_menu_link_color":"","ocean_menu_link_color_hover":"","ocean_menu_link_color_active":"","ocean_menu_link_background":"","ocean_menu_link_hover_background":"","ocean_menu_link_active_background":"","ocean_menu_social_links_bg":"","ocean_menu_social_hover_links_bg":"","ocean_menu_social_links_color":"","ocean_menu_social_hover_links_color":"","ocean_disable_title":"default","ocean_disable_heading":"default","ocean_post_title":"","ocean_post_subheading":"","ocean_post_title_style":"centered","ocean_post_title_background_color":"","ocean_post_title_background":0,"ocean_post_title_bg_image_position":"","ocean_post_title_bg_image_attachment":"","ocean_post_title_bg_image_repeat":"","ocean_post_title_bg_image_size":"","ocean_post_title_height":0,"ocean_post_title_bg_overlay":0.5,"ocean_post_title_bg_overlay_color":"","ocean_disable_breadcrumbs":"default","ocean_breadcrumbs_color":"","ocean_breadcrumbs_separator_color":"","ocean_breadcrumbs_links_color":"","ocean_breadcrumbs_links_hover_color":"","ocean_display_footer_widgets":"default","ocean_display_footer_bottom":"default","ocean_custom_footer_template":"","footnotes":""},"class_list":["post-2779","page","type-page","status-publish","hentry","entry"],"_links":{"self":[{"href":"https:\/\/www.alsj.ca\/fr\/wp-json\/wp\/v2\/pages\/2779","targetHints":{"allow":["GET"]}}],"collection":[{"href":"https:\/\/www.alsj.ca\/fr\/wp-json\/wp\/v2\/pages"}],"about":[{"href":"https:\/\/www.alsj.ca\/fr\/wp-json\/wp\/v2\/types\/page"}],"author":[{"embeddable":true,"href":"https:\/\/www.alsj.ca\/fr\/wp-json\/wp\/v2\/users\/47"}],"replies":[{"embeddable":true,"href":"https:\/\/www.alsj.ca\/fr\/wp-json\/wp\/v2\/comments?post=2779"}],"version-history":[{"count":69,"href":"https:\/\/www.alsj.ca\/fr\/wp-json\/wp\/v2\/pages\/2779\/revisions"}],"predecessor-version":[{"id":3463,"href":"https:\/\/www.alsj.ca\/fr\/wp-json\/wp\/v2\/pages\/2779\/revisions\/3463"}],"wp:attachment":[{"href":"https:\/\/www.alsj.ca\/fr\/wp-json\/wp\/v2\/media?parent=2779"}],"curies":[{"name":"wp","href":"https:\/\/api.w.org\/{rel}","templated":true}]}}