{"id":625,"date":"2021-04-06T18:42:37","date_gmt":"2021-04-06T18:42:37","guid":{"rendered":"https:\/\/www.alsj.ca\/?page_id=625"},"modified":"2025-02-08T17:58:34","modified_gmt":"2025-02-08T22:58:34","slug":"aboutus","status":"publish","type":"page","link":"https:\/\/www.alsj.ca\/fr\/aboutus\/","title":{"rendered":"\u00c0 propos"},"content":{"rendered":"<div class=\"wp-block-columns is-layout-flex wp-container-core-columns-is-layout-9d6595d7 wp-block-columns-is-layout-flex\">\n<div class=\"wp-block-column is-layout-flow wp-block-column-is-layout-flow\">\n<p><strong><a href=\"#Unehistoire\" data-type=\"internal\" data-id=\"#Unehistoire\">Histoire de la communaut\u00e9 du lac Sir John<\/a><\/strong><\/p>\n<\/div>\n\n\n\n<div class=\"wp-block-column is-layout-flow wp-block-column-is-layout-flow\">\n<p><a href=\"#Geology-Ecology\"><strong>Histoire g\u00e9ologique et \u00e9cologique du lac Sir John<\/strong><\/a><\/p>\n<\/div>\n\n\n\n<div class=\"wp-block-column is-layout-flow wp-block-column-is-layout-flow\">\n<p><strong><a href=\"#Broader-History\">Th\u00e8mes historiques li\u00e9s \u00e0 la grande r\u00e9gion d'Argenteuil<\/a><\/strong><\/p>\n<\/div>\n<\/div>\n\n\n\n<p class=\"has-white-color has-vivid-cyan-blue-background-color has-text-color has-background has-normal-font-size\">Vous remarquerez peut-\u00eatre que certains documents historiques, cartes et brochures publi\u00e9s ci-dessous sont uniquement en anglais. C'est parce qu'ils ont \u00e9t\u00e9 publi\u00e9s \u00e0 l'origine en anglais et qu'aucune version fran\u00e7aise n'existe dans les archives.<\/p>\n\n\n\n<h1 class=\"wp-block-heading has-text-align-center has-vivid-cyan-blue-color has-text-color has-link-color wp-elements-c62191e82e3ca665d500c7da0bee7311\" id=\"the-lake\"><strong>Le lac<\/strong><\/h1>\n\n\n<div class=\"wp-block-image is-style-rounded\">\n<figure class=\"aligncenter size-large is-resized\"><img loading=\"lazy\" decoding=\"async\" width=\"1024\" height=\"461\" src=\"https:\/\/www.alsj.ca\/wp-content\/uploads\/2024\/03\/LSJ-1024x461.jpg\" alt=\"\" class=\"wp-image-2408\" style=\"width:360px\" srcset=\"https:\/\/www.alsj.ca\/wp-content\/uploads\/2024\/03\/LSJ-1024x461.jpg 1024w, https:\/\/www.alsj.ca\/wp-content\/uploads\/2024\/03\/LSJ-300x135.jpg 300w, https:\/\/www.alsj.ca\/wp-content\/uploads\/2024\/03\/LSJ-768x346.jpg 768w, https:\/\/www.alsj.ca\/wp-content\/uploads\/2024\/03\/LSJ-1536x691.jpg 1536w, https:\/\/www.alsj.ca\/wp-content\/uploads\/2024\/03\/LSJ-18x8.jpg 18w, https:\/\/www.alsj.ca\/wp-content\/uploads\/2024\/03\/LSJ.jpg 1916w\" sizes=\"auto, (max-width: 1024px) 100vw, 1024px\" \/><\/figure>\n<\/div>\n\n\n<p>Le lac Sir John est un lac priv\u00e9 non motoris\u00e9 qui maintient son environnement vierge et soutient sa communaut\u00e9 diversifi\u00e9e<\/p>\n\n\n\n<p>Lac Sir John is an intergenerational, diverse community of full time, seasonal and part time residents of many backgrounds and both official languages. ALSJ is the lake organization whose mission is to provide for our common needs, values, and interests, and to maintain and protect our roads, beaches and over 90 acres of community owned green space buffer property.<\/p>\n\n\n\n<p>Il est situ\u00e9 dans les Laurentides du Qu\u00e9bec, juste au nord de la ville de Lachute.<\/p>\n\n\n<div class=\"wp-block-image is-style-default\">\n<figure class=\"aligncenter\"><img decoding=\"async\" src=\"https:\/\/webstockreview.net\/images\/decoration-clipart-divider-7.png\" alt=\"\"\/><\/figure>\n<\/div>\n\n\n<div class=\"wp-block-group\"><div class=\"wp-block-group__inner-container is-layout-constrained wp-block-group-is-layout-constrained\">\n<div class=\"wp-block-group is-vertical is-content-justification-center is-layout-flex wp-container-core-group-is-layout-48c2c4f0 wp-block-group-is-layout-flex\">\n<h2 class=\"wp-block-heading has-white-color has-text-color has-link-color wp-elements-e2d891e4c48acf3bf0d9451661fe3df0\">_______<\/h2>\n<\/div>\n<\/div><\/div>\n\n\n\n<p><a href=\"#_ftnref51\" id=\"_ftn51\"><\/a>&nbsp;<\/p>\n\n\n<div class=\"wp-block-image is-style-default\">\n<figure class=\"aligncenter size-full is-resized\"><img loading=\"lazy\" decoding=\"async\" width=\"1000\" height=\"982\" src=\"https:\/\/www.alsj.ca\/wp-content\/uploads\/2024\/05\/History-Photo.jpg\" alt=\"\" class=\"wp-image-2557\" style=\"width:572px;height:auto\" srcset=\"https:\/\/www.alsj.ca\/wp-content\/uploads\/2024\/05\/History-Photo.jpg 1000w, https:\/\/www.alsj.ca\/wp-content\/uploads\/2024\/05\/History-Photo-300x295.jpg 300w, https:\/\/www.alsj.ca\/wp-content\/uploads\/2024\/05\/History-Photo-768x754.jpg 768w, https:\/\/www.alsj.ca\/wp-content\/uploads\/2024\/05\/History-Photo-12x12.jpg 12w\" sizes=\"auto, (max-width: 1000px) 100vw, 1000px\" \/><\/figure>\n<\/div>\n\n\n<div class=\"wp-block-columns is-layout-flex wp-container-core-columns-is-layout-9d6595d7 wp-block-columns-is-layout-flex\">\n<div class=\"wp-block-column is-layout-flow wp-block-column-is-layout-flow\">\n<h1 class=\"wp-block-heading has-text-align-center has-vivid-cyan-blue-color has-text-color has-link-color wp-elements-16fbf7e2fd4a8b741c33fc66e153a482\" id=\"Unehistoire\"><a href=\"https:\/\/www.alsj.ca\/wp-content\/uploads\/2024\/05\/Histoire-de-la-communaute-du-Lac-Sir-John-1.pdf\" target=\"_blank\" rel=\"noreferrer noopener\"><strong>Une Histoire de la Communaut\u00e9 Lac Sir-John 2023<\/strong><\/a><\/h1>\n\n\n\n<p class=\"has-text-color has-link-color wp-elements-7b5f71435ee3af65955678988d2fcf5a\" style=\"color:#ba720ffc\"><em><strong>L&#8217;ALSJ est \u00e0 la recherche d&#8217;un ou plusieurs b\u00e9n\u00e9voles pour aider \u00e0 <strong>am\u00e9liorer la traduction fran\u00e7aise<\/strong> une partie ou la totalit\u00e9 de la version fran\u00e7aise de ce texte d&#8217;histoire. Si vous \u00eates en mesure d&#8217;aider, veuillez contacter Susan Anastasopoulos \u00e0 Lacsirjohn@hotmail.com<\/strong><\/em><\/p>\n<\/div>\n\n\n\n<div class=\"wp-block-column is-layout-flow wp-block-column-is-layout-flow\">\n<h1 class=\"wp-block-heading has-text-align-center has-vivid-cyan-blue-color has-text-color has-link-color wp-elements-d227da13418df0f8fd876ab5fbaee066\"><a href=\"https:\/\/www.alsj.ca\/wp-content\/uploads\/2024\/05\/History-of-the-Lac-Sir-John-community.pdf\" target=\"_blank\" rel=\"noreferrer noopener\"><strong>A History of the Lac Sir-John Community 2023<\/strong><\/a><strong> <\/strong><\/h1>\n<\/div>\n<\/div>\n\n\n\n<p><a href=\"#_ednref1\" id=\"_edn1\"><\/a>&nbsp;<\/p>\n\n\n<div class=\"wp-block-image is-style-default\">\n<figure class=\"aligncenter\"><img decoding=\"async\" src=\"https:\/\/webstockreview.net\/images\/decoration-clipart-divider-7.png\" alt=\"\"\/><\/figure>\n<\/div>\n\n\n<div class=\"wp-block-columns is-layout-flex wp-container-core-columns-is-layout-9d6595d7 wp-block-columns-is-layout-flex\">\n<div class=\"wp-block-column is-layout-flow wp-block-column-is-layout-flow\">\n<p>Lac Sir John : histoire g\u00e9ologique et \u00e9cologique <em>**traduction en cours**<\/em><\/p>\n<\/div>\n\n\n\n<div class=\"wp-block-column is-layout-flow wp-block-column-is-layout-flow\">\n<h1 id=\"Geology-Ecology\"><strong><span style=\"color: #3366ff;\"><a style=\"color: #3366ff;\" href=\"https:\/\/www.alsj.ca\/wp-content\/uploads\/2025\/02\/AAA1-GEO-ECO-HIST-LSJ-Jan-20-2025.pdf\">Lac Sir John: geological and ecological history<\/a><\/span><\/strong><\/h1>\n<\/div>\n<\/div>\n\n\n<div class=\"wp-block-image is-style-default\">\n<figure class=\"aligncenter\"><img decoding=\"async\" src=\"https:\/\/webstockreview.net\/images\/decoration-clipart-divider-7.png\" alt=\"\"\/><\/figure>\n<\/div>\n\n\n<h1 class=\"wp-block-heading has-text-align-center has-vivid-cyan-blue-color has-text-color\" id=\"Broader-History\"><strong>Th\u00e8mes historiques li\u00e9s \u00e0 la grande r\u00e9gion d'Argenteuil <\/strong> <\/h1>\n\n\n\n<p><\/p>","protected":false},"excerpt":{"rendered":"<p>Lac Sir John community history Lac Sir John geological and ecological history Historical topics related to the broader Argenteuil region You may notice that some historical documents, maps and brochures published below are only in English. That is because they were originally published in English and a French version does not exits in the archives. [&hellip;]<\/p>\n","protected":false},"author":47,"featured_media":0,"parent":0,"menu_order":0,"comment_status":"closed","ping_status":"closed","template":"","meta":{"ocean_post_layout":"","ocean_both_sidebars_style":"","ocean_both_sidebars_content_width":0,"ocean_both_sidebars_sidebars_width":0,"ocean_sidebar":"","ocean_second_sidebar":"","ocean_disable_margins":"enable","ocean_add_body_class":"","ocean_shortcode_before_top_bar":"","ocean_shortcode_after_top_bar":"","ocean_shortcode_before_header":"","ocean_shortcode_after_header":"","ocean_has_shortcode":"","ocean_shortcode_after_title":"","ocean_shortcode_before_footer_widgets":"","ocean_shortcode_after_footer_widgets":"","ocean_shortcode_before_footer_bottom":"","ocean_shortcode_after_footer_bottom":"","ocean_display_top_bar":"default","ocean_display_header":"default","ocean_header_style":"","ocean_center_header_left_menu":"","ocean_custom_header_template":"","ocean_custom_logo":0,"ocean_custom_retina_logo":0,"ocean_custom_logo_max_width":0,"ocean_custom_logo_tablet_max_width":0,"ocean_custom_logo_mobile_max_width":0,"ocean_custom_logo_max_height":0,"ocean_custom_logo_tablet_max_height":0,"ocean_custom_logo_mobile_max_height":0,"ocean_header_custom_menu":"","ocean_menu_typo_font_family":"","ocean_menu_typo_font_subset":"","ocean_menu_typo_font_size":0,"ocean_menu_typo_font_size_tablet":0,"ocean_menu_typo_font_size_mobile":0,"ocean_menu_typo_font_size_unit":"px","ocean_menu_typo_font_weight":"","ocean_menu_typo_font_weight_tablet":"","ocean_menu_typo_font_weight_mobile":"","ocean_menu_typo_transform":"","ocean_menu_typo_transform_tablet":"","ocean_menu_typo_transform_mobile":"","ocean_menu_typo_line_height":0,"ocean_menu_typo_line_height_tablet":0,"ocean_menu_typo_line_height_mobile":0,"ocean_menu_typo_line_height_unit":"","ocean_menu_typo_spacing":0,"ocean_menu_typo_spacing_tablet":0,"ocean_menu_typo_spacing_mobile":0,"ocean_menu_typo_spacing_unit":"","ocean_menu_link_color":"","ocean_menu_link_color_hover":"","ocean_menu_link_color_active":"","ocean_menu_link_background":"","ocean_menu_link_hover_background":"","ocean_menu_link_active_background":"","ocean_menu_social_links_bg":"","ocean_menu_social_hover_links_bg":"","ocean_menu_social_links_color":"","ocean_menu_social_hover_links_color":"","ocean_disable_title":"default","ocean_disable_heading":"default","ocean_post_title":"","ocean_post_subheading":"","ocean_post_title_style":"","ocean_post_title_background_color":"","ocean_post_title_background":0,"ocean_post_title_bg_image_position":"","ocean_post_title_bg_image_attachment":"","ocean_post_title_bg_image_repeat":"","ocean_post_title_bg_image_size":"","ocean_post_title_height":0,"ocean_post_title_bg_overlay":0.5,"ocean_post_title_bg_overlay_color":"","ocean_disable_breadcrumbs":"default","ocean_breadcrumbs_color":"","ocean_breadcrumbs_separator_color":"","ocean_breadcrumbs_links_color":"","ocean_breadcrumbs_links_hover_color":"","ocean_display_footer_widgets":"default","ocean_display_footer_bottom":"default","ocean_custom_footer_template":"","footnotes":""},"class_list":["post-625","page","type-page","status-publish","hentry","entry"],"_links":{"self":[{"href":"https:\/\/www.alsj.ca\/fr\/wp-json\/wp\/v2\/pages\/625","targetHints":{"allow":["GET"]}}],"collection":[{"href":"https:\/\/www.alsj.ca\/fr\/wp-json\/wp\/v2\/pages"}],"about":[{"href":"https:\/\/www.alsj.ca\/fr\/wp-json\/wp\/v2\/types\/page"}],"author":[{"embeddable":true,"href":"https:\/\/www.alsj.ca\/fr\/wp-json\/wp\/v2\/users\/47"}],"replies":[{"embeddable":true,"href":"https:\/\/www.alsj.ca\/fr\/wp-json\/wp\/v2\/comments?post=625"}],"version-history":[{"count":159,"href":"https:\/\/www.alsj.ca\/fr\/wp-json\/wp\/v2\/pages\/625\/revisions"}],"predecessor-version":[{"id":3179,"href":"https:\/\/www.alsj.ca\/fr\/wp-json\/wp\/v2\/pages\/625\/revisions\/3179"}],"wp:attachment":[{"href":"https:\/\/www.alsj.ca\/fr\/wp-json\/wp\/v2\/media?parent=625"}],"curies":[{"name":"wp","href":"https:\/\/api.w.org\/{rel}","templated":true}]}}